{"id":17062,"date":"2026-02-04T08:58:54","date_gmt":"2026-02-04T08:58:54","guid":{"rendered":"https:\/\/www.sekermarangoz.com\/?post_type=product&#038;p=17062"},"modified":"2026-02-04T08:58:55","modified_gmt":"2026-02-04T08:58:55","slug":"dogal-ahsap-dekoratif-cift-yonlu-kisisellestirilebilir-cerceve","status":"publish","type":"product","link":"https:\/\/www.sekermarangoz.com\/index.php\/urun\/dogal-ahsap-dekoratif-cift-yonlu-kisisellestirilebilir-cerceve\/","title":{"rendered":"do\u011fal ah\u015fap dekoratif \u00e7ift y\u00f6nl\u00fc ki\u015fiselle\u015ftirilebilir \u00e7er\u00e7eve"},"content":{"rendered":"<p>-whatsAap instagram yada mail \u00fczerinden foto\u011fraflar\u0131n\u0131z\u0131 iletebilirsiniz.<br \/>\n&#8211;  2 farkl\u0131 y\u00f6nde kullan\u0131labilir. 2 g\u00f6rsel iletilmelidir.<\/p>\n<p>&#8211; Foto\u011fraf \u00f6l\u00e7\u00fcs\u00fc 15 x 21 cm dir. pikseli y\u00fcksek g\u00f6rseller g\u00f6nderilmesi durumunda foto\u011fraflar \u00e7ok daha iyi \u00e7\u0131kacakt\u0131r.<\/p>\n<p>-\u00c7ift y\u00f6nl\u00fc \u00f6zelli\u011fi sayesinde, hem dikey hem de yatay olarak sergilenme imkan\u0131 sa\u011flar.<\/p>\n<p>&#8211; Tek par\u00e7a halinde gelen bu dekoratif \u00e7er\u00e7eve, kolay montaj ve kullan\u0131m avantaj\u0131 sunar.<\/p>\n<p>&#8211; Do\u011fal ah\u015fap malzemesiyle \u00fcretilmi\u015f, uzun \u00f6m\u00fcrl\u00fc ve dayan\u0131kl\u0131 bir tasar\u0131ma sahiptir.<\/p>\n","protected":false},"excerpt":{"rendered":"<p>-whatsAap instagram yada mail \u00fczerinden foto\u011fraflar\u0131n\u0131z\u0131 iletebilirsiniz. &#8211; 2 farkl\u0131 y\u00f6nde kullan\u0131labilir. 2 g\u00f6rsel iletilmelidir. &#8211; Foto\u011fraf \u00f6l\u00e7\u00fcs\u00fc 15 x<\/p>\n","protected":false},"featured_media":17063,"comment_status":"open","ping_status":"closed","template":"","meta":[],"product_brand":[],"product_cat":[20],"product_tag":[755,263,723,739,736,741,751,750,729,730,733,726,758,738,735,744,752,753,743,749,747,742,728,740,745,746,725,748,727,264,757,737,754,756,732,724,734,731],"class_list":{"0":"post-17062","1":"product","2":"type-product","3":"status-publish","4":"has-post-thumbnail","6":"product_cat-dekorasyon","7":"product_tag-14-february-gift","8":"product_tag-ahsap-cerceve","9":"product_tag-ahsap-fotograf-cercevesi","10":"product_tag-ani-cercevesi","11":"product_tag-cift-tarafli-cerceve","12":"product_tag-console-table-decor","13":"product_tag-custom-photo-frame","14":"product_tag-customizable-photo-frame","15":"product_tag-decorative-photo-frame","16":"product_tag-dekoratif-fotograf-cercevesi","17":"product_tag-dikey-fotograf-cercevesi","18":"product_tag-dogal-ahsap-cerceve","19":"product_tag-dogal-ev-aksesuari","20":"product_tag-doner-fotograf-cercevesi","21":"product_tag-double-sided-photo-frame","22":"product_tag-ev-dekorasyon-aksesuari","23":"product_tag-fotografli-hediye","24":"product_tag-gift-for-lover","25":"product_tag-home-decor-accessory","26":"product_tag-kisisellestirilebilir-cerceve","27":"product_tag-kisiye-ozel-fotograf-cercevesi","28":"product_tag-konsol-ustu-cerceve","29":"product_tag-masaustu-fotograf-cercevesi","30":"product_tag-memory-frame","31":"product_tag-minimalist-frame","32":"product_tag-modern-wood-frame","33":"product_tag-natural-wood-frame","34":"product_tag-personalized-photo-frame","35":"product_tag-photo-frame-desktop","36":"product_tag-resim-cercevesi","37":"product_tag-romantic-gift","38":"product_tag-rotating-photo-frame","39":"product_tag-sevgiliye-hediye","40":"product_tag-valentine-gift","41":"product_tag-vertical-photo-frame","42":"product_tag-wooden-photo-frame","43":"product_tag-yatay-dikey-cerceve","44":"product_tag-yatay-fotograf-cercevesi","46":"first","47":"instock","48":"shipping-taxable","49":"purchasable","50":"product-type-simple"},"jetpack_sharing_enabled":true,"_links":{"self":[{"href":"https:\/\/www.sekermarangoz.com\/index.php\/wp-json\/wp\/v2\/product\/17062","targetHints":{"allow":["GET"]}}],"collection":[{"href":"https:\/\/www.sekermarangoz.com\/index.php\/wp-json\/wp\/v2\/product"}],"about":[{"href":"https:\/\/www.sekermarangoz.com\/index.php\/wp-json\/wp\/v2\/types\/product"}],"replies":[{"embeddable":true,"href":"https:\/\/www.sekermarangoz.com\/index.php\/wp-json\/wp\/v2\/comments?post=17062"}],"version-history":[{"count":0,"href":"https:\/\/www.sekermarangoz.com\/index.php\/wp-json\/wp\/v2\/product\/17062\/revisions"}],"wp:featuredmedia":[{"embeddable":true,"href":"https:\/\/www.sekermarangoz.com\/index.php\/wp-json\/wp\/v2\/media\/17063"}],"wp:attachment":[{"href":"https:\/\/www.sekermarangoz.com\/index.php\/wp-json\/wp\/v2\/media?parent=17062"}],"wp:term":[{"taxonomy":"product_brand","embeddable":true,"href":"https:\/\/www.sekermarangoz.com\/index.php\/wp-json\/wp\/v2\/product_brand?post=17062"},{"taxonomy":"product_cat","embeddable":true,"href":"https:\/\/www.sekermarangoz.com\/index.php\/wp-json\/wp\/v2\/product_cat?post=17062"},{"taxonomy":"product_tag","embeddable":true,"href":"https:\/\/www.sekermarangoz.com\/index.php\/wp-json\/wp\/v2\/product_tag?post=17062"}],"curies":[{"name":"wp","href":"https:\/\/api.w.org\/{rel}","templated":true}]}}