{"id":16884,"date":"2025-07-04T14:44:20","date_gmt":"2025-07-04T14:44:20","guid":{"rendered":"https:\/\/www.sekermarangoz.com\/?post_type=product&#038;p=16884"},"modified":"2025-07-04T14:44:21","modified_gmt":"2025-07-04T14:44:21","slug":"cift-tarafli-kullanilabilen-fonksiyonel-dekoratif-cerceve","status":"publish","type":"product","link":"https:\/\/www.sekermarangoz.com\/index.php\/urun\/cift-tarafli-kullanilabilen-fonksiyonel-dekoratif-cerceve\/","title":{"rendered":"\u00c7ift tarafl\u0131 kullan\u0131labilen fonksiyonel dekoratif \u00e7er\u00e7eve"},"content":{"rendered":"<p>&#8211; \u00c7ift tarafl\u0131 kullan\u0131m \u00f6zelli\u011fi ile her iki y\u00fczeyde de e\u015fsiz an\u0131lar\u0131n\u0131z\u0131 sergileyebilirsiniz.<br \/>\n&#8211; \u00c7ift cam aras\u0131nda ki depolama alan\u0131 sayesinde sizin i\u00e7in \u00f6nemli resim ve objeleri depolayabilir saklayabilirsiniz.<br \/>\n&#8211; 13 x 18 cm boyutlar\u0131ndaki resimlere uygundur.<br \/>\n-Mekan\u0131n\u0131za modern ve \u015f\u0131k bir dokunu\u015f katarken, kolayca yerle\u015ftirilebilir.<br \/>\n&#8211; \u0130ki par\u00e7adan olu\u015fan set halinde sunulan bu \u00fcr\u00fcn, hem fonksiyonellik hem de estetik a\u00e7\u0131dan tamamlay\u0131c\u0131 bir \u00e7\u00f6z\u00fcm sunar.<br \/>\n&#8211; Yerli \u00fcretim olan bu ah\u015fap \u00e7er\u00e7eve, kaliteli malzemesiyle uzun \u00f6m\u00fcrl\u00fc kullan\u0131m sa\u011flar.;<\/p>\n","protected":false},"excerpt":{"rendered":"<p>&#8211; \u00c7ift tarafl\u0131 kullan\u0131m \u00f6zelli\u011fi ile her iki y\u00fczeyde de e\u015fsiz an\u0131lar\u0131n\u0131z\u0131 sergileyebilirsiniz. &#8211; \u00c7ift cam aras\u0131nda ki depolama alan\u0131<\/p>\n","protected":false},"featured_media":16885,"comment_status":"open","ping_status":"closed","template":"","meta":[],"product_brand":[],"product_cat":[20],"product_tag":[263,412,261,408,411,107,114,119,409,410,258],"class_list":{"0":"post-16884","1":"product","2":"type-product","3":"status-publish","4":"has-post-thumbnail","6":"product_cat-dekorasyon","7":"product_tag-ahsap-cerceve","8":"product_tag-album","9":"product_tag-ani","10":"product_tag-cerceve","11":"product_tag-cerceveler","12":"product_tag-dekor","13":"product_tag-ev-dekor","14":"product_tag-home-decor","15":"product_tag-photography","16":"product_tag-photography-design","17":"product_tag-resim","19":"first","20":"instock","21":"sale","22":"shipping-taxable","23":"purchasable","24":"product-type-simple"},"jetpack_sharing_enabled":true,"_links":{"self":[{"href":"https:\/\/www.sekermarangoz.com\/index.php\/wp-json\/wp\/v2\/product\/16884","targetHints":{"allow":["GET"]}}],"collection":[{"href":"https:\/\/www.sekermarangoz.com\/index.php\/wp-json\/wp\/v2\/product"}],"about":[{"href":"https:\/\/www.sekermarangoz.com\/index.php\/wp-json\/wp\/v2\/types\/product"}],"replies":[{"embeddable":true,"href":"https:\/\/www.sekermarangoz.com\/index.php\/wp-json\/wp\/v2\/comments?post=16884"}],"version-history":[{"count":0,"href":"https:\/\/www.sekermarangoz.com\/index.php\/wp-json\/wp\/v2\/product\/16884\/revisions"}],"wp:featuredmedia":[{"embeddable":true,"href":"https:\/\/www.sekermarangoz.com\/index.php\/wp-json\/wp\/v2\/media\/16885"}],"wp:attachment":[{"href":"https:\/\/www.sekermarangoz.com\/index.php\/wp-json\/wp\/v2\/media?parent=16884"}],"wp:term":[{"taxonomy":"product_brand","embeddable":true,"href":"https:\/\/www.sekermarangoz.com\/index.php\/wp-json\/wp\/v2\/product_brand?post=16884"},{"taxonomy":"product_cat","embeddable":true,"href":"https:\/\/www.sekermarangoz.com\/index.php\/wp-json\/wp\/v2\/product_cat?post=16884"},{"taxonomy":"product_tag","embeddable":true,"href":"https:\/\/www.sekermarangoz.com\/index.php\/wp-json\/wp\/v2\/product_tag?post=16884"}],"curies":[{"name":"wp","href":"https:\/\/api.w.org\/{rel}","templated":true}]}}