{"id":16840,"date":"2025-02-12T09:33:21","date_gmt":"2025-02-12T09:33:21","guid":{"rendered":"https:\/\/www.sekermarangoz.com\/?post_type=product&#038;p=16840"},"modified":"2025-02-12T09:33:22","modified_gmt":"2025-02-12T09:33:22","slug":"ebeveyn-cocuk-merdane-seti","status":"publish","type":"product","link":"https:\/\/www.sekermarangoz.com\/index.php\/urun\/ebeveyn-cocuk-merdane-seti\/","title":{"rendered":"Ebeveyn-\u00e7ocuk merdane seti"},"content":{"rendered":"<p>\u00fcr\u00fcn 2&#8217;li olarak sat\u0131\u015fa sunulmu\u015ftur. kay\u0131n a\u011fac\u0131ndan yap\u0131lm\u0131\u015ft\u0131r<\/p>\n","protected":false},"excerpt":{"rendered":"<p>\u00fcr\u00fcn 2&#8217;li olarak sat\u0131\u015fa sunulmu\u015ftur. kay\u0131n a\u011fac\u0131ndan yap\u0131lm\u0131\u015ft\u0131r<\/p>\n","protected":false},"featured_media":16841,"comment_status":"open","ping_status":"closed","template":"","meta":[],"product_brand":[],"product_cat":[20],"product_tag":[139,403,404,402,406,407,405],"class_list":{"0":"post-16840","1":"product","2":"type-product","3":"status-publish","4":"has-post-thumbnail","6":"product_cat-dekorasyon","7":"product_tag-ahsap","8":"product_tag-aktivite","9":"product_tag-cocuklarmutfakta","10":"product_tag-ebeveyncocukaktivite","11":"product_tag-eldetorna","12":"product_tag-eviciaktivite","13":"product_tag-mutfak","15":"first","16":"instock","17":"shipping-taxable","18":"purchasable","19":"product-type-simple"},"jetpack_sharing_enabled":true,"_links":{"self":[{"href":"https:\/\/www.sekermarangoz.com\/index.php\/wp-json\/wp\/v2\/product\/16840","targetHints":{"allow":["GET"]}}],"collection":[{"href":"https:\/\/www.sekermarangoz.com\/index.php\/wp-json\/wp\/v2\/product"}],"about":[{"href":"https:\/\/www.sekermarangoz.com\/index.php\/wp-json\/wp\/v2\/types\/product"}],"replies":[{"embeddable":true,"href":"https:\/\/www.sekermarangoz.com\/index.php\/wp-json\/wp\/v2\/comments?post=16840"}],"version-history":[{"count":0,"href":"https:\/\/www.sekermarangoz.com\/index.php\/wp-json\/wp\/v2\/product\/16840\/revisions"}],"wp:featuredmedia":[{"embeddable":true,"href":"https:\/\/www.sekermarangoz.com\/index.php\/wp-json\/wp\/v2\/media\/16841"}],"wp:attachment":[{"href":"https:\/\/www.sekermarangoz.com\/index.php\/wp-json\/wp\/v2\/media?parent=16840"}],"wp:term":[{"taxonomy":"product_brand","embeddable":true,"href":"https:\/\/www.sekermarangoz.com\/index.php\/wp-json\/wp\/v2\/product_brand?post=16840"},{"taxonomy":"product_cat","embeddable":true,"href":"https:\/\/www.sekermarangoz.com\/index.php\/wp-json\/wp\/v2\/product_cat?post=16840"},{"taxonomy":"product_tag","embeddable":true,"href":"https:\/\/www.sekermarangoz.com\/index.php\/wp-json\/wp\/v2\/product_tag?post=16840"}],"curies":[{"name":"wp","href":"https:\/\/api.w.org\/{rel}","templated":true}]}}