{"id":16763,"date":"2024-10-21T11:13:18","date_gmt":"2024-10-21T11:13:18","guid":{"rendered":"https:\/\/www.sekermarangoz.com\/?post_type=product&#038;p=16763"},"modified":"2026-01-15T10:19:28","modified_gmt":"2026-01-15T10:19:28","slug":"ahsap-cam-2li-sehpa-takim-45-35-cm","status":"publish","type":"product","link":"https:\/\/www.sekermarangoz.com\/index.php\/urun\/ahsap-cam-2li-sehpa-takim-45-35-cm\/","title":{"rendered":"ah\u015fap \u00e7am 2&#8217;li sehpa tak\u0131m 45-35 cm"},"content":{"rendered":"<p>&#8211;<strong> 6 y\u0131l garanti s\u00fcresi ile uzun \u00f6m\u00fcrl\u00fc kullan\u0131m sunar.<\/strong><br \/>\n<strong>&#8211; Klasik tasar\u0131m\u0131yla her t\u00fcrl\u00fc dekorasyona uyum sa\u011flar ve zamans\u0131z bir \u015f\u0131kl\u0131k katar.<\/strong><br \/>\n<strong>&#8211; Do\u011fal ah\u015fap malzemesi, dayan\u0131kl\u0131l\u0131\u011f\u0131 ve estetik g\u00f6r\u00fcn\u00fcm\u00fc bir arada sunar.<\/strong><br \/>\n<strong>&#8211; \u0130ki par\u00e7adan olu\u015fan set, farkl\u0131 ihtiya\u00e7lara esnek \u00e7\u00f6z\u00fcmler sa\u011flar.<\/strong><br \/>\n<strong>&#8211; Yuvarlak formu ile modern ve minimalist bir hava yarat\u0131rken, mekan\u0131n\u0131za s\u0131cakl\u0131k katar.<\/strong><\/p>\n<p><strong>\u00fcr\u00fcn \u00e7am keresteden elde \u00fcretilmi\u015ftir.<\/strong><\/p>\n<p><strong>ceviz vernik ile renklendirilmi\u015ftir.\u00a0 \u0131s\u0131ya, s\u0131v\u0131ya dayan\u0131kl\u0131 bir y\u00fczeye sahiptir.<\/strong><\/p>\n<p><strong>ah\u015fab\u0131n do\u011fas\u0131 gere\u011fi hareleri ve desenleri de\u011fi\u015fiklik g\u00f6sterebilir.<\/strong><\/p>\n<p><strong>tabla \u00e7ap\u0131:<\/strong><\/p>\n<p><strong>b\u00fcy\u00fck boy: 40\u00a0 cm kal\u0131nl\u0131k 4,5 cm y\u00fckseklik 55 cm<\/strong><\/p>\n<p><strong>k\u00fc\u00e7\u00fck boy: 35 cm kal\u0131nl\u0131k 4,5 cm y\u00fcksekl\u0131k 45 cm<\/strong><\/p>\n<p><strong>\u00fcr\u00fcn demonte olarak g\u00f6nderilmektedir.<\/strong><\/p>\n<p><strong>ayaklar\u0131 tabla alt\u0131nda ki aparatlara \u00e7evirerek kolayca montaj edilebilmektedir.<\/strong><\/p>\n","protected":false},"excerpt":{"rendered":"<p>&#8211; 6 y\u0131l garanti s\u00fcresi ile uzun \u00f6m\u00fcrl\u00fc kullan\u0131m sunar. &#8211; Klasik tasar\u0131m\u0131yla her t\u00fcrl\u00fc dekorasyona uyum sa\u011flar ve zamans\u0131z<\/p>\n","protected":false},"featured_media":16764,"comment_status":"open","ping_status":"closed","template":"","meta":[],"product_brand":[],"product_cat":[20],"product_tag":[390,359,394,392,389,395,100,391,393],"class_list":{"0":"post-16763","1":"product","2":"type-product","3":"status-publish","4":"has-post-thumbnail","6":"product_cat-dekorasyon","7":"product_tag-ahsap-sehpa","8":"product_tag-ev-dekorasyonu","9":"product_tag-kahve-kosesi","10":"product_tag-orta-sehpa","11":"product_tag-sehpa","12":"product_tag-wodden-coffe-table","13":"product_tag-wood-table","14":"product_tag-yan-sehpa","15":"product_tag-yuvarlak-sehpa","17":"first","18":"instock","19":"shipping-taxable","20":"purchasable","21":"product-type-simple"},"jetpack_sharing_enabled":true,"_links":{"self":[{"href":"https:\/\/www.sekermarangoz.com\/index.php\/wp-json\/wp\/v2\/product\/16763","targetHints":{"allow":["GET"]}}],"collection":[{"href":"https:\/\/www.sekermarangoz.com\/index.php\/wp-json\/wp\/v2\/product"}],"about":[{"href":"https:\/\/www.sekermarangoz.com\/index.php\/wp-json\/wp\/v2\/types\/product"}],"replies":[{"embeddable":true,"href":"https:\/\/www.sekermarangoz.com\/index.php\/wp-json\/wp\/v2\/comments?post=16763"}],"version-history":[{"count":0,"href":"https:\/\/www.sekermarangoz.com\/index.php\/wp-json\/wp\/v2\/product\/16763\/revisions"}],"wp:featuredmedia":[{"embeddable":true,"href":"https:\/\/www.sekermarangoz.com\/index.php\/wp-json\/wp\/v2\/media\/16764"}],"wp:attachment":[{"href":"https:\/\/www.sekermarangoz.com\/index.php\/wp-json\/wp\/v2\/media?parent=16763"}],"wp:term":[{"taxonomy":"product_brand","embeddable":true,"href":"https:\/\/www.sekermarangoz.com\/index.php\/wp-json\/wp\/v2\/product_brand?post=16763"},{"taxonomy":"product_cat","embeddable":true,"href":"https:\/\/www.sekermarangoz.com\/index.php\/wp-json\/wp\/v2\/product_cat?post=16763"},{"taxonomy":"product_tag","embeddable":true,"href":"https:\/\/www.sekermarangoz.com\/index.php\/wp-json\/wp\/v2\/product_tag?post=16763"}],"curies":[{"name":"wp","href":"https:\/\/api.w.org\/{rel}","templated":true}]}}