{"id":16310,"date":"2024-07-20T08:57:38","date_gmt":"2024-07-20T08:57:38","guid":{"rendered":"https:\/\/www.sekermarangoz.com\/?post_type=product&#038;p=16310"},"modified":"2026-01-15T10:29:10","modified_gmt":"2026-01-15T10:29:10","slug":"40cm-yuvarlak-cam-tepsi","status":"publish","type":"product","link":"https:\/\/www.sekermarangoz.com\/index.php\/urun\/40cm-yuvarlak-cam-tepsi\/","title":{"rendered":"\u00c7am servis ve sunum Tepsi"},"content":{"rendered":"<p>\u00dcr\u00fcn \u00e7amdan \u00fcretilmi\u015ftir. Is\u0131ya,s\u0131v\u0131ya ve hava \u015fartlar\u0131na dayan\u0131kl\u0131 renkli tezgah verni\u011fi uygulanm\u0131\u015ft\u0131r.<br \/>\n\u00dcr\u00fcn 40 cm \u00e7ap\u0131nda 3 cm kal\u0131nl\u0131\u011f\u0131ndad\u0131r. A\u011fac\u0131n i\u015flenmesine g\u00f6re \u00e7ap \u00f6l\u00e7\u00fcs\u00fc 1 2 cm farkl\u0131l\u0131k g\u00f6sterebilir. A\u011fac\u0131n do\u011fas\u0131 gere\u011fi her \u00fcr\u00fcnde A\u011fac\u0131n damarlar\u0131 ve hareleri farkl\u0131l\u0131k g\u00f6stermektedir.<\/p>\n","protected":false},"excerpt":{"rendered":"<p>\u00dcr\u00fcn \u00e7amdan \u00fcretilmi\u015ftir. Is\u0131ya,s\u0131v\u0131ya ve hava \u015fartlar\u0131na dayan\u0131kl\u0131 renkli tezgah verni\u011fi uygulanm\u0131\u015ft\u0131r. \u00dcr\u00fcn 40 cm \u00e7ap\u0131nda 3 cm kal\u0131nl\u0131\u011f\u0131ndad\u0131r. A\u011fac\u0131n<\/p>\n","protected":false},"featured_media":16357,"comment_status":"open","ping_status":"closed","template":"","meta":[],"product_brand":[],"product_cat":[20],"product_tag":[664,663,653,666,676,651,657,662,661,165,670,669,659,665,678,660,677,671,675,674,658,656,668,667,196,673,672,654,655],"class_list":{"0":"post-16310","1":"product","2":"type-product","3":"status-publish","4":"has-post-thumbnail","6":"product_cat-dekorasyon","7":"product_tag-35-cm-round-tray","8":"product_tag-35-cm-tepsi","9":"product_tag-ahsap-servis-tepsisi","10":"product_tag-antique-finish-wood","11":"product_tag-artisan-kitchen-decor","12":"product_tag-butik-mutfak-urunu","13":"product_tag-cam-agaci-tepsi","14":"product_tag-carved-wooden-tray","15":"product_tag-cnc-oyma-tepsi","16":"product_tag-coffee-tray","17":"product_tag-decorative-tray","18":"product_tag-dekoratif-tepsi","19":"product_tag-el-yapimi-tepsi","20":"product_tag-eskitme-ahsap","21":"product_tag-gift-tray","22":"product_tag-handmade-wooden-tray","23":"product_tag-hediye-tepsi","24":"product_tag-kahve-tepsisi","25":"product_tag-kitchen-accessory","26":"product_tag-mutfak-aksesuari","27":"product_tag-pine-wood-tray","28":"product_tag-round-wooden-tray","29":"product_tag-rustic-serving-tray","30":"product_tag-rustik-tepsi","31":"product_tag-seker-marangoz","32":"product_tag-serving-platter","33":"product_tag-sunum-tepsisi","34":"product_tag-wooden-serving-tray","35":"product_tag-yuvarlak-servis-tepsisi","37":"first","38":"instock","39":"shipping-taxable","40":"purchasable","41":"product-type-simple"},"jetpack_sharing_enabled":true,"_links":{"self":[{"href":"https:\/\/www.sekermarangoz.com\/index.php\/wp-json\/wp\/v2\/product\/16310","targetHints":{"allow":["GET"]}}],"collection":[{"href":"https:\/\/www.sekermarangoz.com\/index.php\/wp-json\/wp\/v2\/product"}],"about":[{"href":"https:\/\/www.sekermarangoz.com\/index.php\/wp-json\/wp\/v2\/types\/product"}],"replies":[{"embeddable":true,"href":"https:\/\/www.sekermarangoz.com\/index.php\/wp-json\/wp\/v2\/comments?post=16310"}],"version-history":[{"count":0,"href":"https:\/\/www.sekermarangoz.com\/index.php\/wp-json\/wp\/v2\/product\/16310\/revisions"}],"wp:featuredmedia":[{"embeddable":true,"href":"https:\/\/www.sekermarangoz.com\/index.php\/wp-json\/wp\/v2\/media\/16357"}],"wp:attachment":[{"href":"https:\/\/www.sekermarangoz.com\/index.php\/wp-json\/wp\/v2\/media?parent=16310"}],"wp:term":[{"taxonomy":"product_brand","embeddable":true,"href":"https:\/\/www.sekermarangoz.com\/index.php\/wp-json\/wp\/v2\/product_brand?post=16310"},{"taxonomy":"product_cat","embeddable":true,"href":"https:\/\/www.sekermarangoz.com\/index.php\/wp-json\/wp\/v2\/product_cat?post=16310"},{"taxonomy":"product_tag","embeddable":true,"href":"https:\/\/www.sekermarangoz.com\/index.php\/wp-json\/wp\/v2\/product_tag?post=16310"}],"curies":[{"name":"wp","href":"https:\/\/api.w.org\/{rel}","templated":true}]}}