{"id":16291,"date":"2024-06-02T19:00:52","date_gmt":"2024-06-02T19:00:52","guid":{"rendered":"https:\/\/www.sekermarangoz.com\/?post_type=product&#038;p=16291"},"modified":"2024-10-03T12:34:09","modified_gmt":"2024-10-03T12:34:09","slug":"mese-kesme-ve-sunum-tahtasi","status":"publish","type":"product","link":"https:\/\/www.sekermarangoz.com\/index.php\/urun\/mese-kesme-ve-sunum-tahtasi\/","title":{"rendered":"Me\u015fe a\u011fac\u0131 kesme ve sunum tahtas\u0131"},"content":{"rendered":"<h1>\u00dcr\u00fcn f\u0131r\u0131nl\u0131 ithal me\u015fe a\u011fac\u0131ndan yap\u0131lm\u0131\u015ft\u0131r.<br \/>\nG\u0131da temas\u0131na uygun Mutfak gere\u00e7leri ya\u011f\u0131 uygulanm\u0131\u015ft\u0131r.<br \/>\n18 2 40 cm \u00f6l\u00e7\u00fclerindedir.<\/h1>\n<h1>sap k\u0131sm\u0131 12 cmdir.<\/h1>\n<h1>kerestenin i\u015flenmesine g\u00f6re \u00f6l\u00e7\u00fcler 1-2 cm farkl\u0131l\u0131k g\u00f6sterebilir.<\/h1>\n","protected":false},"excerpt":{"rendered":"<p>\u00dcr\u00fcn f\u0131r\u0131nl\u0131 ithal me\u015fe a\u011fac\u0131ndan yap\u0131lm\u0131\u015ft\u0131r. G\u0131da temas\u0131na uygun Mutfak gere\u00e7leri ya\u011f\u0131 uygulanm\u0131\u015ft\u0131r. 18 2 40 cm \u00f6l\u00e7\u00fclerindedir. sap k\u0131sm\u0131<\/p>\n","protected":false},"featured_media":16513,"comment_status":"open","ping_status":"closed","template":"","meta":[],"product_brand":[],"product_cat":[20],"product_tag":[139,186,187,188,176,181,190,178,197,184,185,192,191,177,153,196,183,182,189,179,180],"class_list":{"0":"post-16291","1":"product","2":"type-product","3":"status-publish","4":"has-post-thumbnail","6":"product_cat-dekorasyon","7":"product_tag-ahsap","8":"product_tag-ahsap-kesme-tahtasi","9":"product_tag-ahsap-tahta","10":"product_tag-board","11":"product_tag-chopping-board","12":"product_tag-kesme-tahtasi","13":"product_tag-kitchen","14":"product_tag-kitchen-decor","15":"product_tag-marangoz","16":"product_tag-mese","17":"product_tag-mese-agaci","18":"product_tag-mutfak-dekorasyon","19":"product_tag-mutfak-gerecleri","20":"product_tag-prepare-a-meal","21":"product_tag-presentation","22":"product_tag-seker-marangoz","23":"product_tag-servis","24":"product_tag-sunum-tahtasi","25":"product_tag-wood-board","26":"product_tag-yemek","27":"product_tag-yemek-yapmak","29":"first","30":"instock","31":"shipping-taxable","32":"purchasable","33":"product-type-simple"},"jetpack_sharing_enabled":true,"_links":{"self":[{"href":"https:\/\/www.sekermarangoz.com\/index.php\/wp-json\/wp\/v2\/product\/16291","targetHints":{"allow":["GET"]}}],"collection":[{"href":"https:\/\/www.sekermarangoz.com\/index.php\/wp-json\/wp\/v2\/product"}],"about":[{"href":"https:\/\/www.sekermarangoz.com\/index.php\/wp-json\/wp\/v2\/types\/product"}],"replies":[{"embeddable":true,"href":"https:\/\/www.sekermarangoz.com\/index.php\/wp-json\/wp\/v2\/comments?post=16291"}],"version-history":[{"count":0,"href":"https:\/\/www.sekermarangoz.com\/index.php\/wp-json\/wp\/v2\/product\/16291\/revisions"}],"wp:featuredmedia":[{"embeddable":true,"href":"https:\/\/www.sekermarangoz.com\/index.php\/wp-json\/wp\/v2\/media\/16513"}],"wp:attachment":[{"href":"https:\/\/www.sekermarangoz.com\/index.php\/wp-json\/wp\/v2\/media?parent=16291"}],"wp:term":[{"taxonomy":"product_brand","embeddable":true,"href":"https:\/\/www.sekermarangoz.com\/index.php\/wp-json\/wp\/v2\/product_brand?post=16291"},{"taxonomy":"product_cat","embeddable":true,"href":"https:\/\/www.sekermarangoz.com\/index.php\/wp-json\/wp\/v2\/product_cat?post=16291"},{"taxonomy":"product_tag","embeddable":true,"href":"https:\/\/www.sekermarangoz.com\/index.php\/wp-json\/wp\/v2\/product_tag?post=16291"}],"curies":[{"name":"wp","href":"https:\/\/api.w.org\/{rel}","templated":true}]}}