{"id":16110,"date":"2024-02-23T11:54:20","date_gmt":"2024-02-23T11:54:20","guid":{"rendered":"https:\/\/www.sekermarangoz.com\/?post_type=product&#038;p=16110"},"modified":"2025-01-27T09:41:21","modified_gmt":"2025-01-27T09:41:21","slug":"ahsap-dekor-tekerlek-40-cm","status":"publish","type":"product","link":"https:\/\/www.sekermarangoz.com\/index.php\/urun\/ahsap-dekor-tekerlek-40-cm\/","title":{"rendered":"Ah\u015fap Dekor Tekerlek 40 Cm"},"content":{"rendered":"<ul>\n<li>\n<h1><strong>\u00dcr\u00fcn \u00e7am dan \u00fcretilmi\u015ftir. <\/strong><\/h1>\n<\/li>\n<li>\n<h1><strong>Su bazl\u0131 ah\u015fap koruyucu vernik ile renklendirilmi\u015ftir. <\/strong><\/h1>\n<\/li>\n<li>\n<h1><strong>\u00dcr\u00fcn \u00f6l\u00e7\u00fcleri \u00e7ap:40 cm orta delik \u00e7ap:10 mm kal\u0131nl\u0131k:3 cm;<\/strong><\/h1>\n<\/li>\n<\/ul>\n","protected":false},"excerpt":{"rendered":"<p>\u00dcr\u00fcn \u00e7am dan \u00fcretilmi\u015ftir. Su bazl\u0131 ah\u015fap koruyucu vernik ile renklendirilmi\u015ftir. \u00dcr\u00fcn \u00f6l\u00e7\u00fcleri \u00e7ap:40 cm orta delik \u00e7ap:10 mm kal\u0131nl\u0131k:3<\/p>\n","protected":false},"featured_media":16434,"comment_status":"open","ping_status":"closed","template":"","meta":[],"product_brand":[],"product_cat":[20],"product_tag":[273,274,271,269,267,276,197,275,196,272,268,265,270,266],"class_list":{"0":"post-16110","1":"product","2":"type-product","3":"status-publish","4":"has-post-thumbnail","6":"product_cat-dekorasyon","7":"product_tag-ahsap-tekerlek","8":"product_tag-at-arabasi-tekerlek","9":"product_tag-balconydecor","10":"product_tag-cafedecor","11":"product_tag-decorwheel","12":"product_tag-dekor-tekerlek","13":"product_tag-marangoz","14":"product_tag-okuz-arabasi-tekerlek","15":"product_tag-seker-marangoz","16":"product_tag-tekerlek","17":"product_tag-walldecor","18":"product_tag-wheel","19":"product_tag-woodhausedecor","20":"product_tag-woodwheel","22":"first","23":"instock","24":"shipping-taxable","25":"purchasable","26":"product-type-simple"},"jetpack_sharing_enabled":true,"_links":{"self":[{"href":"https:\/\/www.sekermarangoz.com\/index.php\/wp-json\/wp\/v2\/product\/16110","targetHints":{"allow":["GET"]}}],"collection":[{"href":"https:\/\/www.sekermarangoz.com\/index.php\/wp-json\/wp\/v2\/product"}],"about":[{"href":"https:\/\/www.sekermarangoz.com\/index.php\/wp-json\/wp\/v2\/types\/product"}],"replies":[{"embeddable":true,"href":"https:\/\/www.sekermarangoz.com\/index.php\/wp-json\/wp\/v2\/comments?post=16110"}],"version-history":[{"count":0,"href":"https:\/\/www.sekermarangoz.com\/index.php\/wp-json\/wp\/v2\/product\/16110\/revisions"}],"wp:featuredmedia":[{"embeddable":true,"href":"https:\/\/www.sekermarangoz.com\/index.php\/wp-json\/wp\/v2\/media\/16434"}],"wp:attachment":[{"href":"https:\/\/www.sekermarangoz.com\/index.php\/wp-json\/wp\/v2\/media?parent=16110"}],"wp:term":[{"taxonomy":"product_brand","embeddable":true,"href":"https:\/\/www.sekermarangoz.com\/index.php\/wp-json\/wp\/v2\/product_brand?post=16110"},{"taxonomy":"product_cat","embeddable":true,"href":"https:\/\/www.sekermarangoz.com\/index.php\/wp-json\/wp\/v2\/product_cat?post=16110"},{"taxonomy":"product_tag","embeddable":true,"href":"https:\/\/www.sekermarangoz.com\/index.php\/wp-json\/wp\/v2\/product_tag?post=16110"}],"curies":[{"name":"wp","href":"https:\/\/api.w.org\/{rel}","templated":true}]}}