{"id":16104,"date":"2024-02-23T11:30:54","date_gmt":"2024-02-23T11:30:54","guid":{"rendered":"https:\/\/www.sekermarangoz.com\/?post_type=product&#038;p=16104"},"modified":"2025-01-27T10:02:52","modified_gmt":"2025-01-27T10:02:52","slug":"dekoratif-ahsap-kasa","status":"publish","type":"product","link":"https:\/\/www.sekermarangoz.com\/index.php\/urun\/dekoratif-ahsap-kasa\/","title":{"rendered":"Dekoratif Ah\u015fap Kasa"},"content":{"rendered":"<ul>\n<li><b>\u00dcr\u00fcn \u00e7amdan \u00fcretilmi\u015ftir.\u00a0<\/b><b><br \/>\n<\/b><\/li>\n<li><b>Ttamamen el i\u015f\u00e7ili\u011fidir.\u00a0<\/b><b><br \/>\n<\/b><\/li>\n<li><b>\u00a0Tutkal ve \u00e7ivi kullan\u0131larak yap\u0131lm\u0131\u015ft\u0131r dayan\u0131kl\u0131d\u0131r. <\/b><b><br \/>\n<\/b><\/li>\n<li><b>\u00c7<\/b><b>ok ama\u00e7l\u0131 kullan\u0131m i\u00e7in uygundur. <\/b><b><br \/>\n<\/b><\/li>\n<li><b>50 cm geni\u015flik 30 cm eninde 20 cm i\u00e7 derinli\u011fidir.<\/b><b><br \/>\n<\/b><\/li>\n<\/ul>\n","protected":false},"excerpt":{"rendered":"<p>\u00dcr\u00fcn \u00e7amdan \u00fcretilmi\u015ftir.\u00a0 Ttamamen el i\u015f\u00e7ili\u011fidir.\u00a0 \u00a0Tutkal ve \u00e7ivi kullan\u0131larak yap\u0131lm\u0131\u015ft\u0131r dayan\u0131kl\u0131d\u0131r. \u00c7ok ama\u00e7l\u0131 kullan\u0131m i\u00e7in uygundur. 50 cm geni\u015flik<\/p>\n","protected":false},"featured_media":16442,"comment_status":"open","ping_status":"closed","template":"","meta":[],"product_brand":[],"product_cat":[20],"product_tag":[294,295,300,301,305,298,109,290,197,302,303,306,196,304],"class_list":{"0":"post-16104","1":"product","2":"type-product","3":"status-publish","4":"has-post-thumbnail","6":"product_cat-dekorasyon","7":"product_tag-ahsap-kutu","8":"product_tag-ahsap-sandik","9":"product_tag-ahsap-sepet","10":"product_tag-ahsap-sepet-raf","11":"product_tag-case","12":"product_tag-cocuk-odasi-kutu","13":"product_tag-duvar-rafi","14":"product_tag-kasa","15":"product_tag-marangoz","16":"product_tag-raf-kasa","17":"product_tag-raf-sepet","18":"product_tag-sandik","19":"product_tag-seker-marangoz","20":"product_tag-woodencase","22":"first","23":"instock","24":"shipping-taxable","25":"purchasable","26":"product-type-simple"},"jetpack_sharing_enabled":true,"_links":{"self":[{"href":"https:\/\/www.sekermarangoz.com\/index.php\/wp-json\/wp\/v2\/product\/16104","targetHints":{"allow":["GET"]}}],"collection":[{"href":"https:\/\/www.sekermarangoz.com\/index.php\/wp-json\/wp\/v2\/product"}],"about":[{"href":"https:\/\/www.sekermarangoz.com\/index.php\/wp-json\/wp\/v2\/types\/product"}],"replies":[{"embeddable":true,"href":"https:\/\/www.sekermarangoz.com\/index.php\/wp-json\/wp\/v2\/comments?post=16104"}],"version-history":[{"count":0,"href":"https:\/\/www.sekermarangoz.com\/index.php\/wp-json\/wp\/v2\/product\/16104\/revisions"}],"wp:featuredmedia":[{"embeddable":true,"href":"https:\/\/www.sekermarangoz.com\/index.php\/wp-json\/wp\/v2\/media\/16442"}],"wp:attachment":[{"href":"https:\/\/www.sekermarangoz.com\/index.php\/wp-json\/wp\/v2\/media?parent=16104"}],"wp:term":[{"taxonomy":"product_brand","embeddable":true,"href":"https:\/\/www.sekermarangoz.com\/index.php\/wp-json\/wp\/v2\/product_brand?post=16104"},{"taxonomy":"product_cat","embeddable":true,"href":"https:\/\/www.sekermarangoz.com\/index.php\/wp-json\/wp\/v2\/product_cat?post=16104"},{"taxonomy":"product_tag","embeddable":true,"href":"https:\/\/www.sekermarangoz.com\/index.php\/wp-json\/wp\/v2\/product_tag?post=16104"}],"curies":[{"name":"wp","href":"https:\/\/api.w.org\/{rel}","templated":true}]}}