{"id":16101,"date":"2024-02-23T11:28:57","date_gmt":"2024-02-23T11:28:57","guid":{"rendered":"https:\/\/www.sekermarangoz.com\/?post_type=product&#038;p=16101"},"modified":"2025-01-27T09:43:03","modified_gmt":"2025-01-27T09:43:03","slug":"ahsap-fener-set","status":"publish","type":"product","link":"https:\/\/www.sekermarangoz.com\/index.php\/urun\/ahsap-fener-set\/","title":{"rendered":"Ah\u015fap Fener Set"},"content":{"rendered":"<ul>\n<li><b>\u00dcr\u00fcn \u00e7amdan \u00fcretilmi\u015f olup su bazl\u0131 vernik ile renklendirilmi\u015ftir. <\/b><b><br \/>\n<\/b><\/li>\n<li><b>\u00a0B\u00fcy\u00fck boy:17*45*17cm<\/b><b><br \/>\n<\/b><\/li>\n<li><b>\u00a0Orta boy:14*35*14cm<\/b><b><br \/>\n<\/b><\/li>\n<li><b>\u00a0K\u00fc\u00e7\u00fck boy:11*25*11cm\u00a0<\/b><b><br \/>\n<\/b><\/li>\n<li><b>\u00a03&#8217;l\u00fc set olarak sat\u0131\u015fa sunulmu\u015ftur.<\/b><\/li>\n<\/ul>\n","protected":false},"excerpt":{"rendered":"<p>\u00dcr\u00fcn \u00e7amdan \u00fcretilmi\u015f olup su bazl\u0131 vernik ile renklendirilmi\u015ftir. \u00a0B\u00fcy\u00fck boy:17*45*17cm \u00a0Orta boy:14*35*14cm \u00a0K\u00fc\u00e7\u00fck boy:11*25*11cm\u00a0 \u00a03&#8217;l\u00fc set olarak sat\u0131\u015fa sunulmu\u015ftur.<\/p>\n","protected":false},"featured_media":16447,"comment_status":"open","ping_status":"closed","template":"","meta":[],"product_brand":[],"product_cat":[20],"product_tag":[217,219,216,220,107,115,197,218,196,215,221],"class_list":{"0":"post-16101","1":"product","2":"type-product","3":"status-publish","4":"has-post-thumbnail","6":"product_cat-dekorasyon","7":"product_tag-ahsap-fener","8":"product_tag-candle","9":"product_tag-candle-holder","10":"product_tag-decor-candle","11":"product_tag-dekor","12":"product_tag-dekorasyon","13":"product_tag-marangoz","14":"product_tag-mumluk","15":"product_tag-seker-marangoz","16":"product_tag-torch","17":"product_tag-wood-torch","19":"first","20":"instock","21":"shipping-taxable","22":"purchasable","23":"product-type-simple"},"jetpack_sharing_enabled":true,"_links":{"self":[{"href":"https:\/\/www.sekermarangoz.com\/index.php\/wp-json\/wp\/v2\/product\/16101","targetHints":{"allow":["GET"]}}],"collection":[{"href":"https:\/\/www.sekermarangoz.com\/index.php\/wp-json\/wp\/v2\/product"}],"about":[{"href":"https:\/\/www.sekermarangoz.com\/index.php\/wp-json\/wp\/v2\/types\/product"}],"replies":[{"embeddable":true,"href":"https:\/\/www.sekermarangoz.com\/index.php\/wp-json\/wp\/v2\/comments?post=16101"}],"version-history":[{"count":0,"href":"https:\/\/www.sekermarangoz.com\/index.php\/wp-json\/wp\/v2\/product\/16101\/revisions"}],"wp:featuredmedia":[{"embeddable":true,"href":"https:\/\/www.sekermarangoz.com\/index.php\/wp-json\/wp\/v2\/media\/16447"}],"wp:attachment":[{"href":"https:\/\/www.sekermarangoz.com\/index.php\/wp-json\/wp\/v2\/media?parent=16101"}],"wp:term":[{"taxonomy":"product_brand","embeddable":true,"href":"https:\/\/www.sekermarangoz.com\/index.php\/wp-json\/wp\/v2\/product_brand?post=16101"},{"taxonomy":"product_cat","embeddable":true,"href":"https:\/\/www.sekermarangoz.com\/index.php\/wp-json\/wp\/v2\/product_cat?post=16101"},{"taxonomy":"product_tag","embeddable":true,"href":"https:\/\/www.sekermarangoz.com\/index.php\/wp-json\/wp\/v2\/product_tag?post=16101"}],"curies":[{"name":"wp","href":"https:\/\/api.w.org\/{rel}","templated":true}]}}