{"id":16079,"date":"2024-02-23T11:09:17","date_gmt":"2024-02-23T11:09:17","guid":{"rendered":"https:\/\/www.sekermarangoz.com\/?post_type=product&#038;p=16079"},"modified":"2025-01-27T09:44:57","modified_gmt":"2025-01-27T09:44:57","slug":"ahsap-yuvarlak-dekor-ayna-40-cm","status":"publish","type":"product","link":"https:\/\/www.sekermarangoz.com\/index.php\/urun\/ahsap-yuvarlak-dekor-ayna-40-cm\/","title":{"rendered":"Ah\u015fap \u00c7er\u00e7eve Dekor Ayna 40 Cm"},"content":{"rendered":"<ul>\n<li><b>\u00dcr\u00fcn k\u0131r\u0131lmaz ah\u015fap \u00e7am kontradan yap\u0131lm\u0131\u015ft\u0131r\u00a0 <\/b><b><br \/>\n<\/b><\/li>\n<li><b>Is\u0131cam 4 mm flotal ayna(standart cam ayna) kullan\u0131lm\u0131\u015ft\u0131r.<\/b><\/li>\n<li><b>40 cm \u00e7ap\u0131nda d\u0131r<\/b><b><br \/>\n<\/b><\/li>\n<li><b>\u00c7er\u00e7eve kal\u0131nl\u0131k:1,8 cm<\/b><b><br \/>\n<\/b><\/li>\n<li><b>\u00a0Asma aparat\u0131 \u00fczerinde montajl\u0131 olarak g\u00f6nder\u0131lmektedir.\u00a0\u00a0<\/b><b><br \/>\n<\/b><\/li>\n<\/ul>\n","protected":false},"excerpt":{"rendered":"<p>\u00dcr\u00fcn k\u0131r\u0131lmaz ah\u015fap \u00e7am kontradan yap\u0131lm\u0131\u015ft\u0131r\u00a0 Is\u0131cam 4 mm flotal ayna(standart cam ayna) kullan\u0131lm\u0131\u015ft\u0131r. 40 cm \u00e7ap\u0131nda d\u0131r \u00c7er\u00e7eve kal\u0131nl\u0131k:1,8<\/p>\n","protected":false},"featured_media":16466,"comment_status":"open","ping_status":"closed","template":"","meta":[],"product_brand":[],"product_cat":[20],"product_tag":[236,237,128,123,233,125,117,118,135,134,131,127,132,130,133,121,126,114,235,124,119,116,197,120,129,122,196,234,230],"class_list":{"0":"post-16079","1":"product","2":"type-product","3":"status-publish","4":"has-post-thumbnail","6":"product_cat-dekorasyon","7":"product_tag-40-cm","8":"product_tag-40-cm-ayna","9":"product_tag-ahsap-ayna","10":"product_tag-antre","11":"product_tag-antre-dekor","12":"product_tag-antre-dekoru","13":"product_tag-ayna","14":"product_tag-ayna-dekor","15":"product_tag-baby-mirror","16":"product_tag-baby-room-decor","17":"product_tag-bebek-odasi-ayna","18":"product_tag-boy-aynasi","19":"product_tag-cocuk-odasi-ayna","20":"product_tag-cocuk-odasi-dekoru","21":"product_tag-cocuk-odasi-tasarim","22":"product_tag-design-mirror","23":"product_tag-duvar-aynasi","24":"product_tag-ev-dekor","25":"product_tag-flotal-ayna","26":"product_tag-hol","27":"product_tag-home-decor","28":"product_tag-home-design","29":"product_tag-marangoz","30":"product_tag-mirror","31":"product_tag-mirror-wood","32":"product_tag-salon","33":"product_tag-seker-marangoz","34":"product_tag-yuvarlak-ahsap-ayna","35":"product_tag-yuvarlak-ayna","37":"first","38":"instock","39":"shipping-taxable","40":"purchasable","41":"product-type-simple"},"jetpack_sharing_enabled":true,"_links":{"self":[{"href":"https:\/\/www.sekermarangoz.com\/index.php\/wp-json\/wp\/v2\/product\/16079","targetHints":{"allow":["GET"]}}],"collection":[{"href":"https:\/\/www.sekermarangoz.com\/index.php\/wp-json\/wp\/v2\/product"}],"about":[{"href":"https:\/\/www.sekermarangoz.com\/index.php\/wp-json\/wp\/v2\/types\/product"}],"replies":[{"embeddable":true,"href":"https:\/\/www.sekermarangoz.com\/index.php\/wp-json\/wp\/v2\/comments?post=16079"}],"version-history":[{"count":0,"href":"https:\/\/www.sekermarangoz.com\/index.php\/wp-json\/wp\/v2\/product\/16079\/revisions"}],"wp:featuredmedia":[{"embeddable":true,"href":"https:\/\/www.sekermarangoz.com\/index.php\/wp-json\/wp\/v2\/media\/16466"}],"wp:attachment":[{"href":"https:\/\/www.sekermarangoz.com\/index.php\/wp-json\/wp\/v2\/media?parent=16079"}],"wp:term":[{"taxonomy":"product_brand","embeddable":true,"href":"https:\/\/www.sekermarangoz.com\/index.php\/wp-json\/wp\/v2\/product_brand?post=16079"},{"taxonomy":"product_cat","embeddable":true,"href":"https:\/\/www.sekermarangoz.com\/index.php\/wp-json\/wp\/v2\/product_cat?post=16079"},{"taxonomy":"product_tag","embeddable":true,"href":"https:\/\/www.sekermarangoz.com\/index.php\/wp-json\/wp\/v2\/product_tag?post=16079"}],"curies":[{"name":"wp","href":"https:\/\/api.w.org\/{rel}","templated":true}]}}