{"id":16058,"date":"2024-02-23T10:52:02","date_gmt":"2024-02-23T10:52:02","guid":{"rendered":"https:\/\/www.sekermarangoz.com\/?post_type=product&#038;p=16058"},"modified":"2025-01-27T09:46:05","modified_gmt":"2025-01-27T09:46:05","slug":"kirilmaz-ahsap-cerceve-cocuk-odasi-dekor-ayna-50-cm","status":"publish","type":"product","link":"https:\/\/www.sekermarangoz.com\/index.php\/urun\/kirilmaz-ahsap-cerceve-cocuk-odasi-dekor-ayna-50-cm\/","title":{"rendered":"Ah\u015fap \u00c7er\u00e7eve \u00c7ocuk Odas\u0131 Tav\u015fanl\u0131 Dekor Ayna 50 Cm"},"content":{"rendered":"<h1><strong>\u00dcr\u00fcn \u00e7am kontradan \u00fcretilmi\u015ftir.<\/strong><\/h1>\n<h1><strong>Asma aparat\u0131 \u00fczerinde montajl\u0131 g\u00f6nder\u0131lmekted\u0131r.<\/strong><\/h1>\n<h1><strong> 4 mm \u0131s\u0131cam flotal (standart cam ayna) aynad\u0131r.<\/strong><\/h1>\n<h1><strong>\u00dcr\u00fcn \u00f6l\u00e7\u00fcleri <\/strong><\/h1>\n<h1><strong>D\u0131\u015ftan d\u0131\u015fa \u00e7ap:50 cm i\u00e7 \u00e7ap:46 cm \u00e7er\u00e7eve kal\u0131nl\u0131k 1,8 cm\u00a0<\/strong><\/h1>\n","protected":false},"excerpt":{"rendered":"<p>\u00dcr\u00fcn \u00e7am kontradan \u00fcretilmi\u015ftir. Asma aparat\u0131 \u00fczerinde montajl\u0131 g\u00f6nder\u0131lmekted\u0131r. 4 mm \u0131s\u0131cam flotal (standart cam ayna) aynad\u0131r. \u00dcr\u00fcn \u00f6l\u00e7\u00fcleri D\u0131\u015ftan<\/p>\n","protected":false},"featured_media":16554,"comment_status":"open","ping_status":"closed","template":"","meta":[],"product_brand":[],"product_cat":[20],"product_tag":[232,231,128,123,233,125,117,118,135,134,131,127,132,130,133,121,126,114,235,124,119,116,197,120,129,122,196,234,230],"class_list":{"0":"post-16058","1":"product","2":"type-product","3":"status-publish","4":"has-post-thumbnail","6":"product_cat-dekorasyon","7":"product_tag-50-cm","8":"product_tag-50-cm-ayna","9":"product_tag-ahsap-ayna","10":"product_tag-antre","11":"product_tag-antre-dekor","12":"product_tag-antre-dekoru","13":"product_tag-ayna","14":"product_tag-ayna-dekor","15":"product_tag-baby-mirror","16":"product_tag-baby-room-decor","17":"product_tag-bebek-odasi-ayna","18":"product_tag-boy-aynasi","19":"product_tag-cocuk-odasi-ayna","20":"product_tag-cocuk-odasi-dekoru","21":"product_tag-cocuk-odasi-tasarim","22":"product_tag-design-mirror","23":"product_tag-duvar-aynasi","24":"product_tag-ev-dekor","25":"product_tag-flotal-ayna","26":"product_tag-hol","27":"product_tag-home-decor","28":"product_tag-home-design","29":"product_tag-marangoz","30":"product_tag-mirror","31":"product_tag-mirror-wood","32":"product_tag-salon","33":"product_tag-seker-marangoz","34":"product_tag-yuvarlak-ahsap-ayna","35":"product_tag-yuvarlak-ayna","37":"first","38":"instock","39":"shipping-taxable","40":"purchasable","41":"product-type-simple"},"jetpack_sharing_enabled":true,"_links":{"self":[{"href":"https:\/\/www.sekermarangoz.com\/index.php\/wp-json\/wp\/v2\/product\/16058","targetHints":{"allow":["GET"]}}],"collection":[{"href":"https:\/\/www.sekermarangoz.com\/index.php\/wp-json\/wp\/v2\/product"}],"about":[{"href":"https:\/\/www.sekermarangoz.com\/index.php\/wp-json\/wp\/v2\/types\/product"}],"replies":[{"embeddable":true,"href":"https:\/\/www.sekermarangoz.com\/index.php\/wp-json\/wp\/v2\/comments?post=16058"}],"version-history":[{"count":0,"href":"https:\/\/www.sekermarangoz.com\/index.php\/wp-json\/wp\/v2\/product\/16058\/revisions"}],"wp:featuredmedia":[{"embeddable":true,"href":"https:\/\/www.sekermarangoz.com\/index.php\/wp-json\/wp\/v2\/media\/16554"}],"wp:attachment":[{"href":"https:\/\/www.sekermarangoz.com\/index.php\/wp-json\/wp\/v2\/media?parent=16058"}],"wp:term":[{"taxonomy":"product_brand","embeddable":true,"href":"https:\/\/www.sekermarangoz.com\/index.php\/wp-json\/wp\/v2\/product_brand?post=16058"},{"taxonomy":"product_cat","embeddable":true,"href":"https:\/\/www.sekermarangoz.com\/index.php\/wp-json\/wp\/v2\/product_cat?post=16058"},{"taxonomy":"product_tag","embeddable":true,"href":"https:\/\/www.sekermarangoz.com\/index.php\/wp-json\/wp\/v2\/product_tag?post=16058"}],"curies":[{"name":"wp","href":"https:\/\/api.w.org\/{rel}","templated":true}]}}