{"id":16053,"date":"2024-02-23T10:49:37","date_gmt":"2024-02-23T10:49:37","guid":{"rendered":"https:\/\/www.sekermarangoz.com\/?post_type=product&#038;p=16053"},"modified":"2025-01-27T09:46:24","modified_gmt":"2025-01-27T09:46:24","slug":"cok-amacli-tekerlekli-ahsap-dayanikli-altlik","status":"publish","type":"product","link":"https:\/\/www.sekermarangoz.com\/index.php\/urun\/cok-amacli-tekerlekli-ahsap-dayanikli-altlik\/","title":{"rendered":"Ah\u015fap \u00c7ok Ama\u00e7l\u0131 Tekerlekli Altl\u0131k Kaide"},"content":{"rendered":"<h1>\u00dcr\u00fcn 2,5 cm kal\u0131nl\u0131\u011f\u0131nda \u00e7amdan \u00fcretilmi\u015ftir.<\/h1>\n<h1>30 cm \u00e7ap\u0131ndad\u0131r.<\/h1>\n<h1>Tekerlekleri \u00fczerinde montajl\u0131 olarak g\u00f6nder\u0131lmektedir.<\/h1>\n<h1>Daha uzun \u00f6m\u00fcrl\u00fc kullan\u0131m ve leke tutmamas\u0131 i\u00e7in verniklenmesi tavsiye edilir.<\/h1>\n","protected":false},"excerpt":{"rendered":"<p>\u00dcr\u00fcn 2,5 cm kal\u0131nl\u0131\u011f\u0131nda \u00e7amdan \u00fcretilmi\u015ftir. 30 cm \u00e7ap\u0131ndad\u0131r. Tekerlekleri \u00fczerinde montajl\u0131 olarak g\u00f6nder\u0131lmektedir. Daha uzun \u00f6m\u00fcrl\u00fc kullan\u0131m ve leke<\/p>\n","protected":false},"featured_media":16621,"comment_status":"open","ping_status":"closed","template":"","meta":[],"product_brand":[],"product_cat":[20],"product_tag":[139,323,325,321,197,328,327,322,326,196,330,329,324],"class_list":{"0":"post-16053","1":"product","2":"type-product","3":"status-publish","4":"has-post-thumbnail","6":"product_cat-dekorasyon","7":"product_tag-ahsap","8":"product_tag-ahsap-kaide","9":"product_tag-ahsap-yuvarlak","10":"product_tag-altlik","11":"product_tag-marangoz","12":"product_tag-masa-altlik","13":"product_tag-mutfak-gereci","14":"product_tag-nihale","15":"product_tag-saksi-alti","16":"product_tag-seker-marangoz","17":"product_tag-tava-altlik","18":"product_tag-tencere-altlik","19":"product_tag-yuvarlak","21":"first","22":"instock","23":"shipping-taxable","24":"purchasable","25":"product-type-simple"},"jetpack_sharing_enabled":true,"_links":{"self":[{"href":"https:\/\/www.sekermarangoz.com\/index.php\/wp-json\/wp\/v2\/product\/16053","targetHints":{"allow":["GET"]}}],"collection":[{"href":"https:\/\/www.sekermarangoz.com\/index.php\/wp-json\/wp\/v2\/product"}],"about":[{"href":"https:\/\/www.sekermarangoz.com\/index.php\/wp-json\/wp\/v2\/types\/product"}],"replies":[{"embeddable":true,"href":"https:\/\/www.sekermarangoz.com\/index.php\/wp-json\/wp\/v2\/comments?post=16053"}],"version-history":[{"count":0,"href":"https:\/\/www.sekermarangoz.com\/index.php\/wp-json\/wp\/v2\/product\/16053\/revisions"}],"wp:featuredmedia":[{"embeddable":true,"href":"https:\/\/www.sekermarangoz.com\/index.php\/wp-json\/wp\/v2\/media\/16621"}],"wp:attachment":[{"href":"https:\/\/www.sekermarangoz.com\/index.php\/wp-json\/wp\/v2\/media?parent=16053"}],"wp:term":[{"taxonomy":"product_brand","embeddable":true,"href":"https:\/\/www.sekermarangoz.com\/index.php\/wp-json\/wp\/v2\/product_brand?post=16053"},{"taxonomy":"product_cat","embeddable":true,"href":"https:\/\/www.sekermarangoz.com\/index.php\/wp-json\/wp\/v2\/product_cat?post=16053"},{"taxonomy":"product_tag","embeddable":true,"href":"https:\/\/www.sekermarangoz.com\/index.php\/wp-json\/wp\/v2\/product_tag?post=16053"}],"curies":[{"name":"wp","href":"https:\/\/api.w.org\/{rel}","templated":true}]}}