{"id":16028,"date":"2024-02-23T10:01:34","date_gmt":"2024-02-23T10:01:34","guid":{"rendered":"https:\/\/www.sekermarangoz.com\/?post_type=product&#038;p=16028"},"modified":"2025-01-27T09:52:14","modified_gmt":"2025-01-27T09:52:14","slug":"ahsap-merdiven-babasi-korkuluk-basi","status":"publish","type":"product","link":"https:\/\/www.sekermarangoz.com\/index.php\/urun\/ahsap-merdiven-babasi-korkuluk-basi\/","title":{"rendered":"Ah\u015fap Merdiven Babas\u0131 Korkuluk Trabzan 95-7-7 cm"},"content":{"rendered":"<ul>\n<li><strong>\u00dcr\u00fcn elde torna da i\u015flenerek \u00e7am dan \u00fcretilmi\u015ftir.<\/strong><\/li>\n<li><strong>Boy 95 cm 7-7 eninde dir.<\/strong><\/li>\n<li><strong>Ah\u015fab\u0131n i\u015flenmesine g\u00f6re \u00f6l\u00e7\u00fcler mak. 1 cm de\u011fi\u015fiklik g\u00f6sterebilir.<\/strong><\/li>\n<\/ul>\n","protected":false},"excerpt":{"rendered":"<p>\u00dcr\u00fcn elde torna da i\u015flenerek \u00e7am dan \u00fcretilmi\u015ftir. Boy 95 cm 7-7 eninde dir. Ah\u015fab\u0131n i\u015flenmesine g\u00f6re \u00f6l\u00e7\u00fcler mak. 1<\/p>\n","protected":false},"featured_media":16471,"comment_status":"open","ping_status":"closed","template":"","meta":[],"product_brand":[],"product_cat":[20],"product_tag":[281,279,310,286,287,277,197,278,283,285,309,196,307,308,284,282,288,280],"class_list":{"0":"post-16028","1":"product","2":"type-product","3":"status-publish","4":"has-post-thumbnail","6":"product_cat-dekorasyon","7":"product_tag-ahsap-dekor","8":"product_tag-ahsap-merdiven","9":"product_tag-ahsap-trabzan","10":"product_tag-bahce","11":"product_tag-handrail","12":"product_tag-kupeste","13":"product_tag-marangoz","14":"product_tag-merdiven","15":"product_tag-mustakil","16":"product_tag-park","17":"product_tag-railing","18":"product_tag-seker-marangoz","19":"product_tag-stair-railing","20":"product_tag-trabzan","21":"product_tag-verenda","22":"product_tag-villa","23":"product_tag-wood-handrail","24":"product_tag-wooddecor","26":"first","27":"instock","28":"shipping-taxable","29":"purchasable","30":"product-type-simple"},"jetpack_sharing_enabled":true,"_links":{"self":[{"href":"https:\/\/www.sekermarangoz.com\/index.php\/wp-json\/wp\/v2\/product\/16028","targetHints":{"allow":["GET"]}}],"collection":[{"href":"https:\/\/www.sekermarangoz.com\/index.php\/wp-json\/wp\/v2\/product"}],"about":[{"href":"https:\/\/www.sekermarangoz.com\/index.php\/wp-json\/wp\/v2\/types\/product"}],"replies":[{"embeddable":true,"href":"https:\/\/www.sekermarangoz.com\/index.php\/wp-json\/wp\/v2\/comments?post=16028"}],"version-history":[{"count":0,"href":"https:\/\/www.sekermarangoz.com\/index.php\/wp-json\/wp\/v2\/product\/16028\/revisions"}],"wp:featuredmedia":[{"embeddable":true,"href":"https:\/\/www.sekermarangoz.com\/index.php\/wp-json\/wp\/v2\/media\/16471"}],"wp:attachment":[{"href":"https:\/\/www.sekermarangoz.com\/index.php\/wp-json\/wp\/v2\/media?parent=16028"}],"wp:term":[{"taxonomy":"product_brand","embeddable":true,"href":"https:\/\/www.sekermarangoz.com\/index.php\/wp-json\/wp\/v2\/product_brand?post=16028"},{"taxonomy":"product_cat","embeddable":true,"href":"https:\/\/www.sekermarangoz.com\/index.php\/wp-json\/wp\/v2\/product_cat?post=16028"},{"taxonomy":"product_tag","embeddable":true,"href":"https:\/\/www.sekermarangoz.com\/index.php\/wp-json\/wp\/v2\/product_tag?post=16028"}],"curies":[{"name":"wp","href":"https:\/\/api.w.org\/{rel}","templated":true}]}}